{"id":72,"date":"2024-10-26T13:51:12","date_gmt":"2024-10-26T13:51:12","guid":{"rendered":"https:\/\/blueskystudio.pl\/?page_id=72"},"modified":"2024-10-26T15:32:15","modified_gmt":"2024-10-26T15:32:15","slug":"oferta","status":"publish","type":"page","link":"https:\/\/blueskystudio.pl\/?page_id=72","title":{"rendered":"Oferta"},"content":{"rendered":"\t\t<div data-elementor-type=\"wp-page\" data-elementor-id=\"72\" class=\"elementor elementor-72\">\n\t\t\t\t<div class=\"elementor-element elementor-element-05b9b5d e-flex e-con-boxed e-con e-parent\" data-id=\"05b9b5d\" data-element_type=\"container\" data-e-type=\"container\">\n\t\t\t\t\t<div class=\"e-con-inner\">\n\t\t\t\t<div class=\"elementor-element elementor-element-f70a1fb elementor-widget elementor-widget-text-editor\" data-id=\"f70a1fb\" data-element_type=\"widget\" data-e-type=\"widget\" data-widget_type=\"text-editor.default\">\n\t\t\t\t<div class=\"elementor-widget-container\">\n\t\t\t\t\t\t\t\t\t<p class=\"gwpeb05e5a2_gmail-p3\"><b>OFERTA \u015aLUBNA<\/b><span class=\"gwpeb05e5a2_gmail-s1\">:<\/span><\/p><p class=\"gwpeb05e5a2_gmail-p4\">&#8211;<b> Ca\u0142odniowa obs\u0142uga wideo<\/b>,<br \/>pocz\u0105wszy od przygotowa\u0144 poprzez<br \/>b\u0142ogos\u0142awie\u0144stwo, ceremoni\u0119, zabaw\u0119, a\u017c po oczepiny,<\/p><p class=\"gwpeb05e5a2_gmail-p4\">&#8211; film\u00a0 w jako\u015bci 4k,<\/p><p class=\"gwpeb05e5a2_gmail-p4\">&#8211; czas trwania ustalamy wsp\u00f3lnie (d\u0142ugo\u015b\u0107 filmu nie ma wp\u0142ywu na cen\u0119)<\/p><p class=\"gwpeb05e5a2_gmail-p4\">&#8211; uj\u0119cia z drona w cenie<\/p><p class=\"gwpeb05e5a2_gmail-p4\">&#8211; klip\/podsumowanie w cenie<\/p><p class=\"gwpeb05e5a2_gmail-p4\">&#8211; us\u0142uga mo\u017ce by\u0107 zrealizowana przez jednego lub dw\u00f3ch operator\u00f3w\u00a0<\/p><p class=\"gwpeb05e5a2_gmail-p4\">&#8211; <b>Plener w innym terminie<\/b> wliczony w cen\u0119,<\/p><p class=\"gwpeb05e5a2_gmail-p4\">&#8211; <b>otrzymujecie Pa\u0144stwo film, na pendrive w okoliczno\u015bciowym pude\u0142ku<\/b><\/p><p>\u00a0&#8211;\u00a0 za dop\u0142at\u0105 istnieje mo\u017cliwo\u015b\u0107 realizacji\u00a0 podzi\u0119kowa\u0144 dla rodzic\u00f3w,<br \/>kt\u00f3re zostan\u0105 wyemitowane podczas wesela (cena do ustalenia).<\/p>\t\t\t\t\t\t\t\t<\/div>\n\t\t\t\t<\/div>\n\t\t\t\t\t<\/div>\n\t\t\t\t<\/div>\n\t\t\t\t<\/div>\n\t\t","protected":false},"excerpt":{"rendered":"<p>OFERTA \u015aLUBNA:&#8211; Ca\u0142odniowa obs\u0142uga wideo,pocz\u0105wszy od przygotowa\u0144 poprzezb\u0142ogos\u0142awie\u0144stwo, ceremoni\u0119, zabaw\u0119, a\u017c po oczepiny,&#8211; film\u00a0 w jako\u015bci 4k,&#8211; czas trwania ustalamy wsp\u00f3lnie (d\u0142ugo\u015b\u0107 filmu nie ma wp\u0142ywu na cen\u0119)&#8211; uj\u0119cia z drona w cenie&#8211; klip\/podsumowanie w cenie&#8211; us\u0142uga mo\u017ce by\u0107 zrealizowana przez jednego lub dw\u00f3ch operator\u00f3w\u00a0&#8211; Plener w innym terminie wliczony w cen\u0119,&#8211; otrzymujecie Pa\u0144stwo film, [&hellip;]<\/p>\n","protected":false},"author":1,"featured_media":0,"parent":0,"menu_order":0,"comment_status":"closed","ping_status":"closed","template":"","meta":{"inline_featured_image":false,"footnotes":""},"class_list":["post-72","page","type-page","status-publish","hentry"],"yoast_head":"<!-- This site is optimized with the Yoast SEO plugin v27.3 - https:\/\/yoast.com\/product\/yoast-seo-wordpress\/ -->\n<title>Oferta - BlueSkyStudio<\/title>\n<meta name=\"robots\" content=\"index, follow, max-snippet:-1, max-image-preview:large, max-video-preview:-1\" \/>\n<link rel=\"canonical\" href=\"https:\/\/blueskystudio.pl\/?page_id=72\" \/>\n<meta property=\"og:locale\" content=\"pl_PL\" \/>\n<meta property=\"og:type\" content=\"article\" \/>\n<meta property=\"og:title\" content=\"Oferta - BlueSkyStudio\" \/>\n<meta property=\"og:description\" content=\"OFERTA \u015aLUBNA:&#8211; Ca\u0142odniowa obs\u0142uga wideo,pocz\u0105wszy od przygotowa\u0144 poprzezb\u0142ogos\u0142awie\u0144stwo, ceremoni\u0119, zabaw\u0119, a\u017c po oczepiny,&#8211; film\u00a0 w jako\u015bci 4k,&#8211; czas trwania ustalamy wsp\u00f3lnie (d\u0142ugo\u015b\u0107 filmu nie ma wp\u0142ywu na cen\u0119)&#8211; uj\u0119cia z drona w cenie&#8211; klip\/podsumowanie w cenie&#8211; us\u0142uga mo\u017ce by\u0107 zrealizowana przez jednego lub dw\u00f3ch operator\u00f3w\u00a0&#8211; Plener w innym terminie wliczony w cen\u0119,&#8211; otrzymujecie Pa\u0144stwo film, [&hellip;]\" \/>\n<meta property=\"og:url\" content=\"https:\/\/blueskystudio.pl\/?page_id=72\" \/>\n<meta property=\"og:site_name\" content=\"BlueSkyStudio\" \/>\n<meta property=\"article:publisher\" content=\"https:\/\/www.facebook.com\/BlueSkyRzeszow\/\" \/>\n<meta property=\"article:modified_time\" content=\"2024-10-26T15:32:15+00:00\" \/>\n<meta property=\"og:image\" content=\"https:\/\/blueskystudio.pl\/wp-content\/uploads\/2025\/02\/88849.jpg\" \/>\n\t<meta property=\"og:image:width\" content=\"1200\" \/>\n\t<meta property=\"og:image:height\" content=\"800\" \/>\n\t<meta property=\"og:image:type\" content=\"image\/jpeg\" \/>\n<meta name=\"twitter:card\" content=\"summary_large_image\" \/>\n<meta name=\"twitter:label1\" content=\"Szacowany czas czytania\" \/>\n\t<meta name=\"twitter:data1\" content=\"1 minuta\" \/>\n<script type=\"application\/ld+json\" class=\"yoast-schema-graph\">{\"@context\":\"https:\\\/\\\/schema.org\",\"@graph\":[{\"@type\":\"WebPage\",\"@id\":\"https:\\\/\\\/blueskystudio.pl\\\/?page_id=72\",\"url\":\"https:\\\/\\\/blueskystudio.pl\\\/?page_id=72\",\"name\":\"Oferta - BlueSkyStudio\",\"isPartOf\":{\"@id\":\"https:\\\/\\\/blueskystudio.pl\\\/#website\"},\"datePublished\":\"2024-10-26T13:51:12+00:00\",\"dateModified\":\"2024-10-26T15:32:15+00:00\",\"breadcrumb\":{\"@id\":\"https:\\\/\\\/blueskystudio.pl\\\/?page_id=72#breadcrumb\"},\"inLanguage\":\"pl-PL\",\"potentialAction\":[{\"@type\":\"ReadAction\",\"target\":[\"https:\\\/\\\/blueskystudio.pl\\\/?page_id=72\"]}]},{\"@type\":\"BreadcrumbList\",\"@id\":\"https:\\\/\\\/blueskystudio.pl\\\/?page_id=72#breadcrumb\",\"itemListElement\":[{\"@type\":\"ListItem\",\"position\":1,\"name\":\"Strona g\u0142\u00f3wna\",\"item\":\"https:\\\/\\\/blueskystudio.pl\\\/\"},{\"@type\":\"ListItem\",\"position\":2,\"name\":\"Oferta\"}]},{\"@type\":\"WebSite\",\"@id\":\"https:\\\/\\\/blueskystudio.pl\\\/#website\",\"url\":\"https:\\\/\\\/blueskystudio.pl\\\/\",\"name\":\"BlueSkyStudio\",\"description\":\"Film weselny\",\"publisher\":{\"@id\":\"https:\\\/\\\/blueskystudio.pl\\\/#organization\"},\"potentialAction\":[{\"@type\":\"SearchAction\",\"target\":{\"@type\":\"EntryPoint\",\"urlTemplate\":\"https:\\\/\\\/blueskystudio.pl\\\/?s={search_term_string}\"},\"query-input\":{\"@type\":\"PropertyValueSpecification\",\"valueRequired\":true,\"valueName\":\"search_term_string\"}}],\"inLanguage\":\"pl-PL\"},{\"@type\":\"Organization\",\"@id\":\"https:\\\/\\\/blueskystudio.pl\\\/#organization\",\"name\":\"BlueSkyStudio\",\"url\":\"https:\\\/\\\/blueskystudio.pl\\\/\",\"logo\":{\"@type\":\"ImageObject\",\"inLanguage\":\"pl-PL\",\"@id\":\"https:\\\/\\\/blueskystudio.pl\\\/#\\\/schema\\\/logo\\\/image\\\/\",\"url\":\"https:\\\/\\\/blueskystudio.pl\\\/wp-content\\\/uploads\\\/2024\\\/10\\\/logo_small2.jpg\",\"contentUrl\":\"https:\\\/\\\/blueskystudio.pl\\\/wp-content\\\/uploads\\\/2024\\\/10\\\/logo_small2.jpg\",\"width\":512,\"height\":512,\"caption\":\"BlueSkyStudio\"},\"image\":{\"@id\":\"https:\\\/\\\/blueskystudio.pl\\\/#\\\/schema\\\/logo\\\/image\\\/\"},\"sameAs\":[\"https:\\\/\\\/www.facebook.com\\\/BlueSkyRzeszow\\\/\",\"https:\\\/\\\/www.instagram.com\\\/blueskyrzeszow\\\/\",\"https:\\\/\\\/www.youtube.com\\\/@blueskystudiorzeszow\"]}]}<\/script>\n<!-- \/ Yoast SEO plugin. -->","yoast_head_json":{"title":"Oferta - BlueSkyStudio","robots":{"index":"index","follow":"follow","max-snippet":"max-snippet:-1","max-image-preview":"max-image-preview:large","max-video-preview":"max-video-preview:-1"},"canonical":"https:\/\/blueskystudio.pl\/?page_id=72","og_locale":"pl_PL","og_type":"article","og_title":"Oferta - BlueSkyStudio","og_description":"OFERTA \u015aLUBNA:&#8211; Ca\u0142odniowa obs\u0142uga wideo,pocz\u0105wszy od przygotowa\u0144 poprzezb\u0142ogos\u0142awie\u0144stwo, ceremoni\u0119, zabaw\u0119, a\u017c po oczepiny,&#8211; film\u00a0 w jako\u015bci 4k,&#8211; czas trwania ustalamy wsp\u00f3lnie (d\u0142ugo\u015b\u0107 filmu nie ma wp\u0142ywu na cen\u0119)&#8211; uj\u0119cia z drona w cenie&#8211; klip\/podsumowanie w cenie&#8211; us\u0142uga mo\u017ce by\u0107 zrealizowana przez jednego lub dw\u00f3ch operator\u00f3w\u00a0&#8211; Plener w innym terminie wliczony w cen\u0119,&#8211; otrzymujecie Pa\u0144stwo film, [&hellip;]","og_url":"https:\/\/blueskystudio.pl\/?page_id=72","og_site_name":"BlueSkyStudio","article_publisher":"https:\/\/www.facebook.com\/BlueSkyRzeszow\/","article_modified_time":"2024-10-26T15:32:15+00:00","og_image":[{"width":1200,"height":800,"url":"https:\/\/blueskystudio.pl\/wp-content\/uploads\/2025\/02\/88849.jpg","type":"image\/jpeg"}],"twitter_card":"summary_large_image","twitter_misc":{"Szacowany czas czytania":"1 minuta"},"schema":{"@context":"https:\/\/schema.org","@graph":[{"@type":"WebPage","@id":"https:\/\/blueskystudio.pl\/?page_id=72","url":"https:\/\/blueskystudio.pl\/?page_id=72","name":"Oferta - BlueSkyStudio","isPartOf":{"@id":"https:\/\/blueskystudio.pl\/#website"},"datePublished":"2024-10-26T13:51:12+00:00","dateModified":"2024-10-26T15:32:15+00:00","breadcrumb":{"@id":"https:\/\/blueskystudio.pl\/?page_id=72#breadcrumb"},"inLanguage":"pl-PL","potentialAction":[{"@type":"ReadAction","target":["https:\/\/blueskystudio.pl\/?page_id=72"]}]},{"@type":"BreadcrumbList","@id":"https:\/\/blueskystudio.pl\/?page_id=72#breadcrumb","itemListElement":[{"@type":"ListItem","position":1,"name":"Strona g\u0142\u00f3wna","item":"https:\/\/blueskystudio.pl\/"},{"@type":"ListItem","position":2,"name":"Oferta"}]},{"@type":"WebSite","@id":"https:\/\/blueskystudio.pl\/#website","url":"https:\/\/blueskystudio.pl\/","name":"BlueSkyStudio","description":"Film weselny","publisher":{"@id":"https:\/\/blueskystudio.pl\/#organization"},"potentialAction":[{"@type":"SearchAction","target":{"@type":"EntryPoint","urlTemplate":"https:\/\/blueskystudio.pl\/?s={search_term_string}"},"query-input":{"@type":"PropertyValueSpecification","valueRequired":true,"valueName":"search_term_string"}}],"inLanguage":"pl-PL"},{"@type":"Organization","@id":"https:\/\/blueskystudio.pl\/#organization","name":"BlueSkyStudio","url":"https:\/\/blueskystudio.pl\/","logo":{"@type":"ImageObject","inLanguage":"pl-PL","@id":"https:\/\/blueskystudio.pl\/#\/schema\/logo\/image\/","url":"https:\/\/blueskystudio.pl\/wp-content\/uploads\/2024\/10\/logo_small2.jpg","contentUrl":"https:\/\/blueskystudio.pl\/wp-content\/uploads\/2024\/10\/logo_small2.jpg","width":512,"height":512,"caption":"BlueSkyStudio"},"image":{"@id":"https:\/\/blueskystudio.pl\/#\/schema\/logo\/image\/"},"sameAs":["https:\/\/www.facebook.com\/BlueSkyRzeszow\/","https:\/\/www.instagram.com\/blueskyrzeszow\/","https:\/\/www.youtube.com\/@blueskystudiorzeszow"]}]}},"_links":{"self":[{"href":"https:\/\/blueskystudio.pl\/index.php?rest_route=\/wp\/v2\/pages\/72","targetHints":{"allow":["GET"]}}],"collection":[{"href":"https:\/\/blueskystudio.pl\/index.php?rest_route=\/wp\/v2\/pages"}],"about":[{"href":"https:\/\/blueskystudio.pl\/index.php?rest_route=\/wp\/v2\/types\/page"}],"author":[{"embeddable":true,"href":"https:\/\/blueskystudio.pl\/index.php?rest_route=\/wp\/v2\/users\/1"}],"replies":[{"embeddable":true,"href":"https:\/\/blueskystudio.pl\/index.php?rest_route=%2Fwp%2Fv2%2Fcomments&post=72"}],"version-history":[{"count":13,"href":"https:\/\/blueskystudio.pl\/index.php?rest_route=\/wp\/v2\/pages\/72\/revisions"}],"predecessor-version":[{"id":137,"href":"https:\/\/blueskystudio.pl\/index.php?rest_route=\/wp\/v2\/pages\/72\/revisions\/137"}],"wp:attachment":[{"href":"https:\/\/blueskystudio.pl\/index.php?rest_route=%2Fwp%2Fv2%2Fmedia&parent=72"}],"curies":[{"name":"wp","href":"https:\/\/api.w.org\/{rel}","templated":true}]}}