{"id":68,"date":"2024-10-26T14:13:26","date_gmt":"2024-10-26T14:13:26","guid":{"rendered":"https:\/\/blueskystudio.pl\/?page_id=68"},"modified":"2024-10-26T14:16:15","modified_gmt":"2024-10-26T14:16:15","slug":"o-mnie","status":"publish","type":"page","link":"https:\/\/blueskystudio.pl\/?page_id=68","title":{"rendered":"O mnie"},"content":{"rendered":"\t\t<div data-elementor-type=\"wp-page\" data-elementor-id=\"68\" class=\"elementor elementor-68\">\n\t\t\t\t<div class=\"elementor-element elementor-element-9867d98 e-flex e-con-boxed e-con e-parent\" data-id=\"9867d98\" data-element_type=\"container\" data-e-type=\"container\">\n\t\t\t\t\t<div class=\"e-con-inner\">\n\t\t<div class=\"elementor-element elementor-element-96de61e e-con-full e-flex e-con e-child\" data-id=\"96de61e\" data-element_type=\"container\" data-e-type=\"container\">\n\t\t\t\t<div class=\"elementor-element elementor-element-dae80e1 elementor-widget elementor-widget-text-editor\" data-id=\"dae80e1\" data-element_type=\"widget\" data-e-type=\"widget\" data-widget_type=\"text-editor.default\">\n\t\t\t\t<div class=\"elementor-widget-container\">\n\t\t\t\t\t\t\t\t\t<p class=\"gwpeb05e5a2_gmail-p1\">Witam!<\/p><p class=\"gwpeb05e5a2_gmail-p1\">Mam na imi\u0119 Pawe\u0142. Realizacj\u0105 reporta\u017cy \u015blubnych zajmuj\u0119 si\u0119 od 2011 roku.<\/p><p class=\"gwpeb05e5a2_gmail-p1\">Przez te wszystkie lata, naby\u0142em odpowiedni\u0105 wiedz\u0119 i do\u015bwiadczenie, kt\u00f3re pozwala mi wykona\u0107 reporta\u017c \u015blubny na odpowiednim poziomie. Je\u015bli moja oferta przypadnie Wam do gustu, zapraszam do wsp\u00f3\u0142pracy.<\/p>\t\t\t\t\t\t\t\t<\/div>\n\t\t\t\t<\/div>\n\t\t\t\t<\/div>\n\t\t\t\t<div class=\"elementor-element elementor-element-054a218 elementor-widget elementor-widget-image\" data-id=\"054a218\" data-element_type=\"widget\" data-e-type=\"widget\" data-widget_type=\"image.default\">\n\t\t\t\t<div class=\"elementor-widget-container\">\n\t\t\t\t\t\t\t\t\t\t\t\t\t\t\t<img fetchpriority=\"high\" decoding=\"async\" width=\"900\" height=\"826\" src=\"https:\/\/blueskystudio.pl\/wp-content\/uploads\/2024\/10\/IMG_2346-scaled-e1729952042169-1024x940.jpg\" class=\"attachment-large size-large wp-image-81\" alt=\"\" srcset=\"https:\/\/blueskystudio.pl\/wp-content\/uploads\/2024\/10\/IMG_2346-scaled-e1729952042169-1024x940.jpg 1024w, https:\/\/blueskystudio.pl\/wp-content\/uploads\/2024\/10\/IMG_2346-scaled-e1729952042169-300x275.jpg 300w, https:\/\/blueskystudio.pl\/wp-content\/uploads\/2024\/10\/IMG_2346-scaled-e1729952042169-768x705.jpg 768w, https:\/\/blueskystudio.pl\/wp-content\/uploads\/2024\/10\/IMG_2346-scaled-e1729952042169.jpg 1501w\" sizes=\"(max-width: 900px) 100vw, 900px\" \/>\t\t\t\t\t\t\t\t\t\t\t\t\t\t\t<\/div>\n\t\t\t\t<\/div>\n\t\t\t\t\t<\/div>\n\t\t\t\t<\/div>\n\t\t\t\t<\/div>\n\t\t","protected":false},"excerpt":{"rendered":"<p>Witam!Mam na imi\u0119 Pawe\u0142. Realizacj\u0105 reporta\u017cy \u015blubnych zajmuj\u0119 si\u0119 od 2011 roku.Przez te wszystkie lata, naby\u0142em odpowiedni\u0105 wiedz\u0119 i do\u015bwiadczenie, kt\u00f3re pozwala mi wykona\u0107 reporta\u017c \u015blubny na odpowiednim poziomie. Je\u015bli moja oferta przypadnie Wam do gustu, zapraszam do wsp\u00f3\u0142pracy.<\/p>\n","protected":false},"author":1,"featured_media":0,"parent":0,"menu_order":0,"comment_status":"closed","ping_status":"closed","template":"","meta":{"inline_featured_image":false,"footnotes":""},"class_list":["post-68","page","type-page","status-publish","hentry"],"yoast_head":"<!-- This site is optimized with the Yoast SEO plugin v27.3 - https:\/\/yoast.com\/product\/yoast-seo-wordpress\/ -->\n<title>O mnie - BlueSkyStudio<\/title>\n<meta name=\"robots\" content=\"index, follow, max-snippet:-1, max-image-preview:large, max-video-preview:-1\" \/>\n<link rel=\"canonical\" href=\"https:\/\/blueskystudio.pl\/?page_id=68\" \/>\n<meta property=\"og:locale\" content=\"pl_PL\" \/>\n<meta property=\"og:type\" content=\"article\" \/>\n<meta property=\"og:title\" content=\"O mnie - BlueSkyStudio\" \/>\n<meta property=\"og:description\" content=\"Witam!Mam na imi\u0119 Pawe\u0142. Realizacj\u0105 reporta\u017cy \u015blubnych zajmuj\u0119 si\u0119 od 2011 roku.Przez te wszystkie lata, naby\u0142em odpowiedni\u0105 wiedz\u0119 i do\u015bwiadczenie, kt\u00f3re pozwala mi wykona\u0107 reporta\u017c \u015blubny na odpowiednim poziomie. Je\u015bli moja oferta przypadnie Wam do gustu, zapraszam do wsp\u00f3\u0142pracy.\" \/>\n<meta property=\"og:url\" content=\"https:\/\/blueskystudio.pl\/?page_id=68\" \/>\n<meta property=\"og:site_name\" content=\"BlueSkyStudio\" \/>\n<meta property=\"article:publisher\" content=\"https:\/\/www.facebook.com\/BlueSkyRzeszow\/\" \/>\n<meta property=\"article:modified_time\" content=\"2024-10-26T14:16:15+00:00\" \/>\n<meta property=\"og:image\" content=\"https:\/\/blueskystudio.pl\/wp-content\/uploads\/2024\/10\/IMG_2346-scaled-e1729952042169-1024x940.jpg\" \/>\n<meta name=\"twitter:card\" content=\"summary_large_image\" \/>\n<script type=\"application\/ld+json\" class=\"yoast-schema-graph\">{\"@context\":\"https:\\\/\\\/schema.org\",\"@graph\":[{\"@type\":\"WebPage\",\"@id\":\"https:\\\/\\\/blueskystudio.pl\\\/?page_id=68\",\"url\":\"https:\\\/\\\/blueskystudio.pl\\\/?page_id=68\",\"name\":\"O mnie - BlueSkyStudio\",\"isPartOf\":{\"@id\":\"https:\\\/\\\/blueskystudio.pl\\\/#website\"},\"primaryImageOfPage\":{\"@id\":\"https:\\\/\\\/blueskystudio.pl\\\/?page_id=68#primaryimage\"},\"image\":{\"@id\":\"https:\\\/\\\/blueskystudio.pl\\\/?page_id=68#primaryimage\"},\"thumbnailUrl\":\"https:\\\/\\\/blueskystudio.pl\\\/wp-content\\\/uploads\\\/2024\\\/10\\\/IMG_2346-scaled-e1729952042169-1024x940.jpg\",\"datePublished\":\"2024-10-26T14:13:26+00:00\",\"dateModified\":\"2024-10-26T14:16:15+00:00\",\"breadcrumb\":{\"@id\":\"https:\\\/\\\/blueskystudio.pl\\\/?page_id=68#breadcrumb\"},\"inLanguage\":\"pl-PL\",\"potentialAction\":[{\"@type\":\"ReadAction\",\"target\":[\"https:\\\/\\\/blueskystudio.pl\\\/?page_id=68\"]}]},{\"@type\":\"ImageObject\",\"inLanguage\":\"pl-PL\",\"@id\":\"https:\\\/\\\/blueskystudio.pl\\\/?page_id=68#primaryimage\",\"url\":\"https:\\\/\\\/blueskystudio.pl\\\/wp-content\\\/uploads\\\/2024\\\/10\\\/IMG_2346-scaled-e1729952042169.jpg\",\"contentUrl\":\"https:\\\/\\\/blueskystudio.pl\\\/wp-content\\\/uploads\\\/2024\\\/10\\\/IMG_2346-scaled-e1729952042169.jpg\",\"width\":1501,\"height\":1378},{\"@type\":\"BreadcrumbList\",\"@id\":\"https:\\\/\\\/blueskystudio.pl\\\/?page_id=68#breadcrumb\",\"itemListElement\":[{\"@type\":\"ListItem\",\"position\":1,\"name\":\"Strona g\u0142\u00f3wna\",\"item\":\"https:\\\/\\\/blueskystudio.pl\\\/\"},{\"@type\":\"ListItem\",\"position\":2,\"name\":\"O mnie\"}]},{\"@type\":\"WebSite\",\"@id\":\"https:\\\/\\\/blueskystudio.pl\\\/#website\",\"url\":\"https:\\\/\\\/blueskystudio.pl\\\/\",\"name\":\"BlueSkyStudio\",\"description\":\"Film weselny\",\"publisher\":{\"@id\":\"https:\\\/\\\/blueskystudio.pl\\\/#organization\"},\"potentialAction\":[{\"@type\":\"SearchAction\",\"target\":{\"@type\":\"EntryPoint\",\"urlTemplate\":\"https:\\\/\\\/blueskystudio.pl\\\/?s={search_term_string}\"},\"query-input\":{\"@type\":\"PropertyValueSpecification\",\"valueRequired\":true,\"valueName\":\"search_term_string\"}}],\"inLanguage\":\"pl-PL\"},{\"@type\":\"Organization\",\"@id\":\"https:\\\/\\\/blueskystudio.pl\\\/#organization\",\"name\":\"BlueSkyStudio\",\"url\":\"https:\\\/\\\/blueskystudio.pl\\\/\",\"logo\":{\"@type\":\"ImageObject\",\"inLanguage\":\"pl-PL\",\"@id\":\"https:\\\/\\\/blueskystudio.pl\\\/#\\\/schema\\\/logo\\\/image\\\/\",\"url\":\"https:\\\/\\\/blueskystudio.pl\\\/wp-content\\\/uploads\\\/2024\\\/10\\\/logo_small2.jpg\",\"contentUrl\":\"https:\\\/\\\/blueskystudio.pl\\\/wp-content\\\/uploads\\\/2024\\\/10\\\/logo_small2.jpg\",\"width\":512,\"height\":512,\"caption\":\"BlueSkyStudio\"},\"image\":{\"@id\":\"https:\\\/\\\/blueskystudio.pl\\\/#\\\/schema\\\/logo\\\/image\\\/\"},\"sameAs\":[\"https:\\\/\\\/www.facebook.com\\\/BlueSkyRzeszow\\\/\",\"https:\\\/\\\/www.instagram.com\\\/blueskyrzeszow\\\/\",\"https:\\\/\\\/www.youtube.com\\\/@blueskystudiorzeszow\"]}]}<\/script>\n<!-- \/ Yoast SEO plugin. -->","yoast_head_json":{"title":"O mnie - BlueSkyStudio","robots":{"index":"index","follow":"follow","max-snippet":"max-snippet:-1","max-image-preview":"max-image-preview:large","max-video-preview":"max-video-preview:-1"},"canonical":"https:\/\/blueskystudio.pl\/?page_id=68","og_locale":"pl_PL","og_type":"article","og_title":"O mnie - BlueSkyStudio","og_description":"Witam!Mam na imi\u0119 Pawe\u0142. Realizacj\u0105 reporta\u017cy \u015blubnych zajmuj\u0119 si\u0119 od 2011 roku.Przez te wszystkie lata, naby\u0142em odpowiedni\u0105 wiedz\u0119 i do\u015bwiadczenie, kt\u00f3re pozwala mi wykona\u0107 reporta\u017c \u015blubny na odpowiednim poziomie. Je\u015bli moja oferta przypadnie Wam do gustu, zapraszam do wsp\u00f3\u0142pracy.","og_url":"https:\/\/blueskystudio.pl\/?page_id=68","og_site_name":"BlueSkyStudio","article_publisher":"https:\/\/www.facebook.com\/BlueSkyRzeszow\/","article_modified_time":"2024-10-26T14:16:15+00:00","og_image":[{"url":"https:\/\/blueskystudio.pl\/wp-content\/uploads\/2024\/10\/IMG_2346-scaled-e1729952042169-1024x940.jpg","type":"","width":"","height":""}],"twitter_card":"summary_large_image","schema":{"@context":"https:\/\/schema.org","@graph":[{"@type":"WebPage","@id":"https:\/\/blueskystudio.pl\/?page_id=68","url":"https:\/\/blueskystudio.pl\/?page_id=68","name":"O mnie - BlueSkyStudio","isPartOf":{"@id":"https:\/\/blueskystudio.pl\/#website"},"primaryImageOfPage":{"@id":"https:\/\/blueskystudio.pl\/?page_id=68#primaryimage"},"image":{"@id":"https:\/\/blueskystudio.pl\/?page_id=68#primaryimage"},"thumbnailUrl":"https:\/\/blueskystudio.pl\/wp-content\/uploads\/2024\/10\/IMG_2346-scaled-e1729952042169-1024x940.jpg","datePublished":"2024-10-26T14:13:26+00:00","dateModified":"2024-10-26T14:16:15+00:00","breadcrumb":{"@id":"https:\/\/blueskystudio.pl\/?page_id=68#breadcrumb"},"inLanguage":"pl-PL","potentialAction":[{"@type":"ReadAction","target":["https:\/\/blueskystudio.pl\/?page_id=68"]}]},{"@type":"ImageObject","inLanguage":"pl-PL","@id":"https:\/\/blueskystudio.pl\/?page_id=68#primaryimage","url":"https:\/\/blueskystudio.pl\/wp-content\/uploads\/2024\/10\/IMG_2346-scaled-e1729952042169.jpg","contentUrl":"https:\/\/blueskystudio.pl\/wp-content\/uploads\/2024\/10\/IMG_2346-scaled-e1729952042169.jpg","width":1501,"height":1378},{"@type":"BreadcrumbList","@id":"https:\/\/blueskystudio.pl\/?page_id=68#breadcrumb","itemListElement":[{"@type":"ListItem","position":1,"name":"Strona g\u0142\u00f3wna","item":"https:\/\/blueskystudio.pl\/"},{"@type":"ListItem","position":2,"name":"O mnie"}]},{"@type":"WebSite","@id":"https:\/\/blueskystudio.pl\/#website","url":"https:\/\/blueskystudio.pl\/","name":"BlueSkyStudio","description":"Film weselny","publisher":{"@id":"https:\/\/blueskystudio.pl\/#organization"},"potentialAction":[{"@type":"SearchAction","target":{"@type":"EntryPoint","urlTemplate":"https:\/\/blueskystudio.pl\/?s={search_term_string}"},"query-input":{"@type":"PropertyValueSpecification","valueRequired":true,"valueName":"search_term_string"}}],"inLanguage":"pl-PL"},{"@type":"Organization","@id":"https:\/\/blueskystudio.pl\/#organization","name":"BlueSkyStudio","url":"https:\/\/blueskystudio.pl\/","logo":{"@type":"ImageObject","inLanguage":"pl-PL","@id":"https:\/\/blueskystudio.pl\/#\/schema\/logo\/image\/","url":"https:\/\/blueskystudio.pl\/wp-content\/uploads\/2024\/10\/logo_small2.jpg","contentUrl":"https:\/\/blueskystudio.pl\/wp-content\/uploads\/2024\/10\/logo_small2.jpg","width":512,"height":512,"caption":"BlueSkyStudio"},"image":{"@id":"https:\/\/blueskystudio.pl\/#\/schema\/logo\/image\/"},"sameAs":["https:\/\/www.facebook.com\/BlueSkyRzeszow\/","https:\/\/www.instagram.com\/blueskyrzeszow\/","https:\/\/www.youtube.com\/@blueskystudiorzeszow"]}]}},"_links":{"self":[{"href":"https:\/\/blueskystudio.pl\/index.php?rest_route=\/wp\/v2\/pages\/68","targetHints":{"allow":["GET"]}}],"collection":[{"href":"https:\/\/blueskystudio.pl\/index.php?rest_route=\/wp\/v2\/pages"}],"about":[{"href":"https:\/\/blueskystudio.pl\/index.php?rest_route=\/wp\/v2\/types\/page"}],"author":[{"embeddable":true,"href":"https:\/\/blueskystudio.pl\/index.php?rest_route=\/wp\/v2\/users\/1"}],"replies":[{"embeddable":true,"href":"https:\/\/blueskystudio.pl\/index.php?rest_route=%2Fwp%2Fv2%2Fcomments&post=68"}],"version-history":[{"count":6,"href":"https:\/\/blueskystudio.pl\/index.php?rest_route=\/wp\/v2\/pages\/68\/revisions"}],"predecessor-version":[{"id":84,"href":"https:\/\/blueskystudio.pl\/index.php?rest_route=\/wp\/v2\/pages\/68\/revisions\/84"}],"wp:attachment":[{"href":"https:\/\/blueskystudio.pl\/index.php?rest_route=%2Fwp%2Fv2%2Fmedia&parent=68"}],"curies":[{"name":"wp","href":"https:\/\/api.w.org\/{rel}","templated":true}]}}