{"id":51,"date":"2024-10-26T13:35:40","date_gmt":"2024-10-26T13:35:40","guid":{"rendered":"https:\/\/blueskystudio.pl\/?page_id=51"},"modified":"2025-10-26T17:13:49","modified_gmt":"2025-10-26T17:13:49","slug":"home","status":"publish","type":"page","link":"https:\/\/blueskystudio.pl\/","title":{"rendered":"BlueSkyStudio"},"content":{"rendered":"\t\t<div data-elementor-type=\"wp-page\" data-elementor-id=\"51\" class=\"elementor elementor-51\">\n\t\t\t\t<div class=\"elementor-element elementor-element-7de513f e-grid e-con-full e-con e-parent\" data-id=\"7de513f\" data-element_type=\"container\" data-e-type=\"container\">\n\t\t\t\t<div class=\"elementor-element elementor-element-66d4cab elementor-widget elementor-widget-video\" data-id=\"66d4cab\" data-element_type=\"widget\" data-e-type=\"widget\" data-settings=\"{&quot;youtube_url&quot;:&quot;https:\\\/\\\/www.youtube.com\\\/watch?v=8unHT6Zg6fk&amp;t=2s&quot;,&quot;video_type&quot;:&quot;youtube&quot;,&quot;controls&quot;:&quot;yes&quot;}\" data-widget_type=\"video.default\">\n\t\t\t\t<div class=\"elementor-widget-container\">\n\t\t\t\t\t\t\t<div class=\"elementor-wrapper elementor-open-inline\">\n\t\t\t<div class=\"elementor-video\"><\/div>\t\t<\/div>\n\t\t\t\t\t\t<\/div>\n\t\t\t\t<\/div>\n\t\t\t\t<div class=\"elementor-element elementor-element-04d2bbc elementor-widget elementor-widget-video\" data-id=\"04d2bbc\" data-element_type=\"widget\" data-e-type=\"widget\" data-settings=\"{&quot;youtube_url&quot;:&quot;https:\\\/\\\/www.youtube.com\\\/watch?v=g1-jmeHkkrA&quot;,&quot;video_type&quot;:&quot;youtube&quot;,&quot;controls&quot;:&quot;yes&quot;}\" data-widget_type=\"video.default\">\n\t\t\t\t<div class=\"elementor-widget-container\">\n\t\t\t\t\t\t\t<div class=\"elementor-wrapper elementor-open-inline\">\n\t\t\t<div class=\"elementor-video\"><\/div>\t\t<\/div>\n\t\t\t\t\t\t<\/div>\n\t\t\t\t<\/div>\n\t\t\t\t<div class=\"elementor-element elementor-element-4438a14 elementor-widget elementor-widget-video\" data-id=\"4438a14\" data-element_type=\"widget\" data-e-type=\"widget\" data-settings=\"{&quot;youtube_url&quot;:&quot;https:\\\/\\\/www.youtube.com\\\/watch?v=nYOya3KzAkc&quot;,&quot;video_type&quot;:&quot;youtube&quot;,&quot;controls&quot;:&quot;yes&quot;}\" data-widget_type=\"video.default\">\n\t\t\t\t<div class=\"elementor-widget-container\">\n\t\t\t\t\t\t\t<div class=\"elementor-wrapper elementor-open-inline\">\n\t\t\t<div class=\"elementor-video\"><\/div>\t\t<\/div>\n\t\t\t\t\t\t<\/div>\n\t\t\t\t<\/div>\n\t\t\t\t<div class=\"elementor-element elementor-element-745ad17 elementor-widget elementor-widget-video\" data-id=\"745ad17\" data-element_type=\"widget\" data-e-type=\"widget\" data-settings=\"{&quot;youtube_url&quot;:&quot;https:\\\/\\\/youtu.be\\\/uZRLoIZ4z4k&quot;,&quot;video_type&quot;:&quot;youtube&quot;,&quot;controls&quot;:&quot;yes&quot;}\" data-widget_type=\"video.default\">\n\t\t\t\t<div class=\"elementor-widget-container\">\n\t\t\t\t\t\t\t<div class=\"elementor-wrapper elementor-open-inline\">\n\t\t\t<div class=\"elementor-video\"><\/div>\t\t<\/div>\n\t\t\t\t\t\t<\/div>\n\t\t\t\t<\/div>\n\t\t\t\t<\/div>\n\t\t<div class=\"elementor-element elementor-element-7931675 e-flex e-con-boxed e-con e-parent\" data-id=\"7931675\" data-element_type=\"container\" data-e-type=\"container\">\n\t\t\t\t\t<div class=\"e-con-inner\">\n\t\t\t\t\t<\/div>\n\t\t\t\t<\/div>\n\t\t\t\t<\/div>\n\t\t","protected":false},"excerpt":{"rendered":"","protected":false},"author":1,"featured_media":0,"parent":0,"menu_order":0,"comment_status":"closed","ping_status":"closed","template":"","meta":{"inline_featured_image":false,"footnotes":""},"class_list":["post-51","page","type-page","status-publish","hentry"],"yoast_head":"<!-- This site is optimized with the Yoast SEO plugin v27.3 - https:\/\/yoast.com\/product\/yoast-seo-wordpress\/ -->\n<title>BlueSkyStudio - Us\u0142ugi foto\/wideo<\/title>\n<meta name=\"description\" content=\"Naturalne i pe\u0142ne emocji filmy \u015blubne. Kamerzysta na wesele z do\u015bwiadczeniem, kt\u00f3ry uwieczni Wasz\u0105 histori\u0119 z wyj\u0105tkow\u0105 dba\u0142o\u015bci\u0105 o szczeg\u00f3\u0142y.\" \/>\n<meta name=\"robots\" content=\"index, follow, max-snippet:-1, max-image-preview:large, max-video-preview:-1\" \/>\n<link rel=\"canonical\" href=\"https:\/\/blueskystudio.pl\/\" \/>\n<meta property=\"og:locale\" content=\"pl_PL\" \/>\n<meta property=\"og:type\" content=\"article\" \/>\n<meta property=\"og:title\" content=\"BlueSkyStudio - Us\u0142ugi foto\/wideo\" \/>\n<meta property=\"og:description\" content=\"Naturalne i pe\u0142ne emocji filmy \u015blubne. Kamerzysta na wesele z do\u015bwiadczeniem, kt\u00f3ry uwieczni Wasz\u0105 histori\u0119 z wyj\u0105tkow\u0105 dba\u0142o\u015bci\u0105 o szczeg\u00f3\u0142y.\" \/>\n<meta property=\"og:url\" content=\"https:\/\/blueskystudio.pl\/\" \/>\n<meta property=\"og:site_name\" content=\"BlueSkyStudio\" \/>\n<meta property=\"article:publisher\" content=\"https:\/\/www.facebook.com\/BlueSkyRzeszow\/\" \/>\n<meta property=\"article:modified_time\" content=\"2025-10-26T17:13:49+00:00\" \/>\n<meta property=\"og:image\" content=\"https:\/\/blueskystudio.pl\/wp-content\/uploads\/2025\/02\/88849.jpg\" \/>\n\t<meta property=\"og:image:width\" content=\"1200\" \/>\n\t<meta property=\"og:image:height\" content=\"800\" \/>\n\t<meta property=\"og:image:type\" content=\"image\/jpeg\" \/>\n<meta name=\"twitter:card\" content=\"summary_large_image\" \/>\n<script type=\"application\/ld+json\" class=\"yoast-schema-graph\">{\"@context\":\"https:\\\/\\\/schema.org\",\"@graph\":[{\"@type\":\"WebPage\",\"@id\":\"https:\\\/\\\/blueskystudio.pl\\\/\",\"url\":\"https:\\\/\\\/blueskystudio.pl\\\/\",\"name\":\"BlueSkyStudio - Us\u0142ugi foto\\\/wideo\",\"isPartOf\":{\"@id\":\"https:\\\/\\\/blueskystudio.pl\\\/#website\"},\"datePublished\":\"2024-10-26T13:35:40+00:00\",\"dateModified\":\"2025-10-26T17:13:49+00:00\",\"description\":\"Naturalne i pe\u0142ne emocji filmy \u015blubne. Kamerzysta na wesele z do\u015bwiadczeniem, kt\u00f3ry uwieczni Wasz\u0105 histori\u0119 z wyj\u0105tkow\u0105 dba\u0142o\u015bci\u0105 o szczeg\u00f3\u0142y.\",\"breadcrumb\":{\"@id\":\"https:\\\/\\\/blueskystudio.pl\\\/#breadcrumb\"},\"inLanguage\":\"pl-PL\",\"potentialAction\":[{\"@type\":\"ReadAction\",\"target\":[\"https:\\\/\\\/blueskystudio.pl\\\/\"]}]},{\"@type\":\"BreadcrumbList\",\"@id\":\"https:\\\/\\\/blueskystudio.pl\\\/#breadcrumb\",\"itemListElement\":[{\"@type\":\"ListItem\",\"position\":1,\"name\":\"Strona g\u0142\u00f3wna\",\"item\":\"https:\\\/\\\/blueskystudio.pl\\\/\"},{\"@type\":\"ListItem\",\"position\":2,\"name\":\"BlueSkyStudio\"}]},{\"@type\":\"WebSite\",\"@id\":\"https:\\\/\\\/blueskystudio.pl\\\/#website\",\"url\":\"https:\\\/\\\/blueskystudio.pl\\\/\",\"name\":\"BlueSkyStudio\",\"description\":\"Film weselny\",\"publisher\":{\"@id\":\"https:\\\/\\\/blueskystudio.pl\\\/#organization\"},\"potentialAction\":[{\"@type\":\"SearchAction\",\"target\":{\"@type\":\"EntryPoint\",\"urlTemplate\":\"https:\\\/\\\/blueskystudio.pl\\\/?s={search_term_string}\"},\"query-input\":{\"@type\":\"PropertyValueSpecification\",\"valueRequired\":true,\"valueName\":\"search_term_string\"}}],\"inLanguage\":\"pl-PL\"},{\"@type\":\"Organization\",\"@id\":\"https:\\\/\\\/blueskystudio.pl\\\/#organization\",\"name\":\"BlueSkyStudio\",\"url\":\"https:\\\/\\\/blueskystudio.pl\\\/\",\"logo\":{\"@type\":\"ImageObject\",\"inLanguage\":\"pl-PL\",\"@id\":\"https:\\\/\\\/blueskystudio.pl\\\/#\\\/schema\\\/logo\\\/image\\\/\",\"url\":\"https:\\\/\\\/blueskystudio.pl\\\/wp-content\\\/uploads\\\/2024\\\/10\\\/logo_small2.jpg\",\"contentUrl\":\"https:\\\/\\\/blueskystudio.pl\\\/wp-content\\\/uploads\\\/2024\\\/10\\\/logo_small2.jpg\",\"width\":512,\"height\":512,\"caption\":\"BlueSkyStudio\"},\"image\":{\"@id\":\"https:\\\/\\\/blueskystudio.pl\\\/#\\\/schema\\\/logo\\\/image\\\/\"},\"sameAs\":[\"https:\\\/\\\/www.facebook.com\\\/BlueSkyRzeszow\\\/\",\"https:\\\/\\\/www.instagram.com\\\/blueskyrzeszow\\\/\",\"https:\\\/\\\/www.youtube.com\\\/@blueskystudiorzeszow\"]}]}<\/script>\n<!-- \/ Yoast SEO plugin. -->","yoast_head_json":{"title":"BlueSkyStudio - Us\u0142ugi foto\/wideo","description":"Naturalne i pe\u0142ne emocji filmy \u015blubne. Kamerzysta na wesele z do\u015bwiadczeniem, kt\u00f3ry uwieczni Wasz\u0105 histori\u0119 z wyj\u0105tkow\u0105 dba\u0142o\u015bci\u0105 o szczeg\u00f3\u0142y.","robots":{"index":"index","follow":"follow","max-snippet":"max-snippet:-1","max-image-preview":"max-image-preview:large","max-video-preview":"max-video-preview:-1"},"canonical":"https:\/\/blueskystudio.pl\/","og_locale":"pl_PL","og_type":"article","og_title":"BlueSkyStudio - Us\u0142ugi foto\/wideo","og_description":"Naturalne i pe\u0142ne emocji filmy \u015blubne. Kamerzysta na wesele z do\u015bwiadczeniem, kt\u00f3ry uwieczni Wasz\u0105 histori\u0119 z wyj\u0105tkow\u0105 dba\u0142o\u015bci\u0105 o szczeg\u00f3\u0142y.","og_url":"https:\/\/blueskystudio.pl\/","og_site_name":"BlueSkyStudio","article_publisher":"https:\/\/www.facebook.com\/BlueSkyRzeszow\/","article_modified_time":"2025-10-26T17:13:49+00:00","og_image":[{"width":1200,"height":800,"url":"https:\/\/blueskystudio.pl\/wp-content\/uploads\/2025\/02\/88849.jpg","type":"image\/jpeg"}],"twitter_card":"summary_large_image","schema":{"@context":"https:\/\/schema.org","@graph":[{"@type":"WebPage","@id":"https:\/\/blueskystudio.pl\/","url":"https:\/\/blueskystudio.pl\/","name":"BlueSkyStudio - Us\u0142ugi foto\/wideo","isPartOf":{"@id":"https:\/\/blueskystudio.pl\/#website"},"datePublished":"2024-10-26T13:35:40+00:00","dateModified":"2025-10-26T17:13:49+00:00","description":"Naturalne i pe\u0142ne emocji filmy \u015blubne. Kamerzysta na wesele z do\u015bwiadczeniem, kt\u00f3ry uwieczni Wasz\u0105 histori\u0119 z wyj\u0105tkow\u0105 dba\u0142o\u015bci\u0105 o szczeg\u00f3\u0142y.","breadcrumb":{"@id":"https:\/\/blueskystudio.pl\/#breadcrumb"},"inLanguage":"pl-PL","potentialAction":[{"@type":"ReadAction","target":["https:\/\/blueskystudio.pl\/"]}]},{"@type":"BreadcrumbList","@id":"https:\/\/blueskystudio.pl\/#breadcrumb","itemListElement":[{"@type":"ListItem","position":1,"name":"Strona g\u0142\u00f3wna","item":"https:\/\/blueskystudio.pl\/"},{"@type":"ListItem","position":2,"name":"BlueSkyStudio"}]},{"@type":"WebSite","@id":"https:\/\/blueskystudio.pl\/#website","url":"https:\/\/blueskystudio.pl\/","name":"BlueSkyStudio","description":"Film weselny","publisher":{"@id":"https:\/\/blueskystudio.pl\/#organization"},"potentialAction":[{"@type":"SearchAction","target":{"@type":"EntryPoint","urlTemplate":"https:\/\/blueskystudio.pl\/?s={search_term_string}"},"query-input":{"@type":"PropertyValueSpecification","valueRequired":true,"valueName":"search_term_string"}}],"inLanguage":"pl-PL"},{"@type":"Organization","@id":"https:\/\/blueskystudio.pl\/#organization","name":"BlueSkyStudio","url":"https:\/\/blueskystudio.pl\/","logo":{"@type":"ImageObject","inLanguage":"pl-PL","@id":"https:\/\/blueskystudio.pl\/#\/schema\/logo\/image\/","url":"https:\/\/blueskystudio.pl\/wp-content\/uploads\/2024\/10\/logo_small2.jpg","contentUrl":"https:\/\/blueskystudio.pl\/wp-content\/uploads\/2024\/10\/logo_small2.jpg","width":512,"height":512,"caption":"BlueSkyStudio"},"image":{"@id":"https:\/\/blueskystudio.pl\/#\/schema\/logo\/image\/"},"sameAs":["https:\/\/www.facebook.com\/BlueSkyRzeszow\/","https:\/\/www.instagram.com\/blueskyrzeszow\/","https:\/\/www.youtube.com\/@blueskystudiorzeszow"]}]}},"_links":{"self":[{"href":"https:\/\/blueskystudio.pl\/index.php?rest_route=\/wp\/v2\/pages\/51","targetHints":{"allow":["GET"]}}],"collection":[{"href":"https:\/\/blueskystudio.pl\/index.php?rest_route=\/wp\/v2\/pages"}],"about":[{"href":"https:\/\/blueskystudio.pl\/index.php?rest_route=\/wp\/v2\/types\/page"}],"author":[{"embeddable":true,"href":"https:\/\/blueskystudio.pl\/index.php?rest_route=\/wp\/v2\/users\/1"}],"replies":[{"embeddable":true,"href":"https:\/\/blueskystudio.pl\/index.php?rest_route=%2Fwp%2Fv2%2Fcomments&post=51"}],"version-history":[{"count":25,"href":"https:\/\/blueskystudio.pl\/index.php?rest_route=\/wp\/v2\/pages\/51\/revisions"}],"predecessor-version":[{"id":258,"href":"https:\/\/blueskystudio.pl\/index.php?rest_route=\/wp\/v2\/pages\/51\/revisions\/258"}],"wp:attachment":[{"href":"https:\/\/blueskystudio.pl\/index.php?rest_route=%2Fwp%2Fv2%2Fmedia&parent=51"}],"curies":[{"name":"wp","href":"https:\/\/api.w.org\/{rel}","templated":true}]}}